{"id":1355,"date":"2022-03-31T13:25:53","date_gmt":"2022-03-31T11:25:53","guid":{"rendered":"https:\/\/www.derdoebele.de\/?page_id=1355"},"modified":"2022-10-24T21:03:40","modified_gmt":"2022-10-24T19:03:40","slug":"lesungen-workshops","status":"publish","type":"page","link":"https:\/\/www.derdoebele.de\/?page_id=1355","title":{"rendered":"Lesungen\/Workshops"},"content":{"rendered":"\n<div class=\"wp-block-media-text alignwide is-stacked-on-mobile\"><figure class=\"wp-block-media-text__media\"><img loading=\"lazy\" decoding=\"async\" width=\"480\" height=\"320\" src=\"https:\/\/www.derdoebele.de\/wordpress\/wp-content\/uploads\/2014\/10\/18765966_1315277335254780_5695569805895148000_n.jpg\" alt=\"\" class=\"wp-image-1018 size-full\" srcset=\"https:\/\/www.derdoebele.de\/wordpress\/wp-content\/uploads\/2014\/10\/18765966_1315277335254780_5695569805895148000_n.jpg 480w, https:\/\/www.derdoebele.de\/wordpress\/wp-content\/uploads\/2014\/10\/18765966_1315277335254780_5695569805895148000_n-300x200.jpg 300w, https:\/\/www.derdoebele.de\/wordpress\/wp-content\/uploads\/2014\/10\/18765966_1315277335254780_5695569805895148000_n-390x260.jpg 390w\" sizes=\"(max-width: 480px) 100vw, 480px\" \/><\/figure><div class=\"wp-block-media-text__content\">\n<p class=\"has-small-font-size\">Ich freue mich sehr, dass ich seit einigen Jahren meine B\u00fccher im Rahmen von Autorenbegegnungen, Lesungen und Workshops an Grundschulen vorstellen kann.<\/p>\n\n\n\n<p class=\"has-small-font-size\">Erm\u00f6glicht wird dies unter anderem durch den Friedrich-B\u00f6decker-Kreis und das LIT-Hamburg.<\/p>\n\n\n\n<p><\/p>\n<\/div><\/div>\n","protected":false},"excerpt":{"rendered":"<p>Ich freue mich sehr, dass ich seit einigen Jahren meine B\u00fccher im Rahmen von Autorenbegegnungen, Lesungen und Workshops an Grundschulen vorstellen kann. Erm\u00f6glicht wird dies unter anderem durch den Friedrich-B\u00f6decker-Kreis und das LIT-Hamburg.<\/p>\n","protected":false},"author":1,"featured_media":0,"parent":0,"menu_order":0,"comment_status":"closed","ping_status":"closed","template":"","meta":{"_kad_post_transparent":"","_kad_post_title":"","_kad_post_layout":"","_kad_post_sidebar_id":"","_kad_post_content_style":"","_kad_post_vertical_padding":"","_kad_post_feature":"","_kad_post_feature_position":"","_kad_post_header":false,"_kad_post_footer":false,"footnotes":""},"class_list":["post-1355","page","type-page","status-publish","hentry"],"_links":{"self":[{"href":"https:\/\/www.derdoebele.de\/index.php?rest_route=\/wp\/v2\/pages\/1355"}],"collection":[{"href":"https:\/\/www.derdoebele.de\/index.php?rest_route=\/wp\/v2\/pages"}],"about":[{"href":"https:\/\/www.derdoebele.de\/index.php?rest_route=\/wp\/v2\/types\/page"}],"author":[{"embeddable":true,"href":"https:\/\/www.derdoebele.de\/index.php?rest_route=\/wp\/v2\/users\/1"}],"replies":[{"embeddable":true,"href":"https:\/\/www.derdoebele.de\/index.php?rest_route=%2Fwp%2Fv2%2Fcomments&post=1355"}],"version-history":[{"count":3,"href":"https:\/\/www.derdoebele.de\/index.php?rest_route=\/wp\/v2\/pages\/1355\/revisions"}],"predecessor-version":[{"id":1408,"href":"https:\/\/www.derdoebele.de\/index.php?rest_route=\/wp\/v2\/pages\/1355\/revisions\/1408"}],"wp:attachment":[{"href":"https:\/\/www.derdoebele.de\/index.php?rest_route=%2Fwp%2Fv2%2Fmedia&parent=1355"}],"curies":[{"name":"wp","href":"https:\/\/api.w.org\/{rel}","templated":true}]}}