{"id":518,"date":"2014-10-20T17:44:16","date_gmt":"2014-10-20T15:44:16","guid":{"rendered":"http:\/\/87809.test-my-website.de\/wordpress\/?page_id=518"},"modified":"2024-03-11T13:28:43","modified_gmt":"2024-03-11T11:28:43","slug":"vita","status":"publish","type":"page","link":"https:\/\/www.derdoebele.de\/?page_id=518","title":{"rendered":"Kontakt"},"content":{"rendered":"\n<h2 class=\"wp-block-heading\"><\/h2>\n\n\n\n<div class=\"wp-block-media-text alignwide is-stacked-on-mobile\"><figure class=\"wp-block-media-text__media\"><img loading=\"lazy\" decoding=\"async\" width=\"472\" height=\"552\" src=\"https:\/\/www.derdoebele.de\/wordpress\/wp-content\/uploads\/2021\/12\/KatzeMatzeDoebele.gif\" alt=\"\" class=\"wp-image-1245 size-full\"\/><\/figure><div class=\"wp-block-media-text__content\">\n<p style=\"font-size:18px\"><strong>Matze D\u00f6bele<\/strong><\/p>\n\n\n\n<p style=\"font-size:18px\"><strong>Ateliergemeinschaft Illustration&amp;Grafik in der FUX eG<\/strong><\/p>\n\n\n\n<p style=\"font-size:18px\"><strong>Bodenstedtstrasse 16<\/strong><\/p>\n\n\n\n<p style=\"font-size:18px\"><strong>22765 Hamburg \/ Germany<\/strong><\/p>\n\n\n\n<h3 class=\"has-medium-font-size wp-block-heading\"><strong>post@derdoebele.de<br>0049(0)1633642506<\/strong><\/h3>\n\n\n\n<p><\/p>\n\n\n\n<p><\/p>\n<\/div><\/div>\n\n\n\n<h3 class=\"wp-block-heading\"><\/h3>\n\n\n\n<h3 class=\"has-medium-font-size wp-block-heading\"><\/h3>\n\n\n\n<p class=\"has-text-align-left\"><span style=\"color: #333333;\"><small>Impressum:<\/small><\/span><br><span style=\"color: #333333;\"><small>Redaktion und Konzeption: Matthias D\u00f6bele (Inhaltlich verantwortlich gem\u00e4\u00df \u00a7 6 MDStV)<\/small><\/span><\/p>\n\n\n\n<p class=\"has-text-align-left\"><span style=\"color: #333333;\"><small>Haftungshinweis:<\/small><\/span><br><span style=\"color: #333333;\"><small>Trotz sorgf\u00e4ltiger inhaltlicher Kontrolle \u00fcbernehme ich keine Haftung f\u00fcr die Inhalte externer Links.<\/small><\/span><br><span style=\"color: #333333;\"><small>F\u00fcr die Inhalte der verlinkten Seiten sind ausschlie\u00dflich deren Betreiber verantwortlich.<\/small><\/span><\/p>\n\n\n\n<p><\/p>\n\n\n\n<h3 class=\"wp-block-heading\">Matze D\u00f6bele,<\/h3>\n\n\n\n<h3 class=\"wp-block-heading\">Illustrator und Kinderbuchautor<\/h3>\n\n\n\n<p><strong>Beruflicher Werdegang:<\/strong><\/p>\n\n\n\n<p>Studium Illustration \/ Bildkunst Akademie Hamburg<br>Studium Illustrationsdesign \/ HAW Hamburg (Diplom 2013)<br>T\u00e4tig als freischaffender Illustrator in Hamburg<\/p>\n\n\n\n<p><strong>Auszeichnungen (Awards and Distictions):<\/strong><\/p>\n\n\n\n<p>2021 Bologna Childrens Book Fair (Shortlist)<\/p>\n\n\n\n<p>2020 White Ravens (Selection)<\/p>\n\n\n\n<p>2018&nbsp; Sharjah Children&#8217;s Reading Festival&nbsp; (Winner Honorable Mention, Exhibition + Annual)<\/p>\n\n\n\n<p>2017 Bridgeman Studio Award (Shortlist)<\/p>\n\n\n\n<p>2015 Deutsch-Franz\u00f6sischer Jugendliteratur Preis (Winner)<\/p>\n\n\n\n<p>2015&nbsp; Sharjah Children&#8217;s Reading Festival&nbsp; (selected Artist Illustrators Exhibition + Annual)<\/p>\n\n\n\n<p>2013 Troisdorfer Bilderbuchpreis (special mention)<\/p>\n\n\n\n<p>2009 Bologna Childrens Book Fair (selected Artist for Exhibition + Annual)<\/p>\n\n\n\n<p>2009 2.CJ Picture Book Award for Illustration (Winner, Exhibition + Annual)<\/p>\n\n\n\n<p><strong>B\u00fccher:<\/strong><\/p>\n\n\n\n<p>&#8222;Die Weltraum-Mission&#8220; Autor: Franz Schneider, Ernst Reinhardt Verlag, M\u00fcnchen, 2022<\/p>\n\n\n\n<p>&#8222;Das Zauberbett&#8220; Obelisk Verlag, Innsbruck\/Wien, 2021<\/p>\n\n\n\n<p>&#8222;Pauls Gl\u00fcck&#8220; Obelisk Verlag, Innsbruck\/Wien, 2021 (\u00fcberarbeitete 2.Auflage)<\/p>\n\n\n\n<p>&#8222;Hala&#8220; Autor: Moemen Helmy, \u00c9ditions Yanbow al Kitab, Casablanca, 2019<\/p>\n\n\n\n<p>&#8222;In den Wald&#8220; Autor: Franz Orghandl, Obelisk Verlag, Innsbruck\/Wien, 2019<\/p>\n\n\n\n<p>&#8222;Konrads Schatten&#8220; Kunstanstifter Verlag, Mannheim, 2014<\/p>\n\n\n\n<p>&#8222;Brasil 12 x 12 Alemanha&#8220;, Dsop, Sao Paulo, 2014<\/p>\n\n\n\n<p>&#8222;Pauls Gl\u00fcck &#8222;, Jacoby &amp; Stuart, Berlin 2011<\/p>\n\n\n\n<p><strong>Ausstellungsbeteiligungen<\/strong>:<\/p>\n\n\n\n<p><strong>Plate it Please!<\/strong>&nbsp; | Vista Alegre Museum | Ilhavo\/Portugal | 2018<\/p>\n\n\n\n<p><strong>Sharjah Children&#8217;s Reading Festival<\/strong>&nbsp; | Illustrators Exhibition | Sharjah\/Arabische Emirate | 2018<\/p>\n\n\n\n<p><strong>Galerie Greskewitz-Kleinitz&nbsp; <\/strong>| Hamburg illustriert&nbsp; | Hamburg | 2018<\/p>\n\n\n\n<p><strong>LOEBA Treuhandgesellschaft&nbsp; <\/strong>| Kunst in Szene&nbsp; | L\u00f6rrach | 2016-2017<\/p>\n\n\n\n<p><strong>Galerie Kulturreich&nbsp; <\/strong>| Hamburg illustriert&nbsp; | Hamburg | 2016<\/p>\n\n\n\n<p><strong>Galerie In K\u00fcrze Kunst&nbsp; <\/strong>| Raben und Robben | Flensburg | 2016<\/p>\n\n\n\n<p><strong>Galerie Kulturreich&nbsp; <\/strong>| Hamburg illustriert&nbsp; | Hamburg | 2015<\/p>\n\n\n\n<p><strong>Sharjah Children&#8217;s Reading Festival<\/strong>&nbsp; | Illustrators Exhibition | Sharjah\/Arabische Emirate | 2015<\/p>\n\n\n\n<p><strong>Frankfurter Buchmesse<\/strong> | Brasil 12 x 12 Alemanha | Frankfurt | 2014<\/p>\n\n\n\n<p><strong>Bienal do Livro de Sao Paulo<\/strong> | Offenes Atelier | Sao Paulo\/Brasilien | 2014<\/p>\n\n\n\n<p><strong>Frappant<\/strong> | Promenadenmischung | Hamburg | 2014<\/p>\n\n\n\n<p><strong>Altonaer Rathaus<\/strong> | Plakatausstellung altonale 16 Top 30| Hamburg | 2014<\/p>\n\n\n\n<p><strong>Evangelische Fachschule f\u00fcr Sozialp\u00e4dagogik<\/strong> | Brasil 12 x 12 Alemanha | Stuttgart | 2014<\/p>\n\n\n\n<p><strong>Museum Burg Wissem<\/strong> | Troisdorfer Bilderbuchpreis | Troisdorf | 2013<\/p>\n\n\n\n<p><strong>Fabrik der K\u00fcnste<\/strong> | Kinderbuch-Illustration | Hamburg | 2013<\/p>\n\n\n\n<p><strong>CJ Picture Book Festival<\/strong> | Seoul\/Korea | 2009<\/p>\n\n\n\n<p><strong>Seoul Arts Center<\/strong> | Seoul\/Korea | 2009<\/p>\n\n\n\n<p><strong>Ishikawa Nanao Art Museum<\/strong> | Ishikawa\/Japan | 2009<\/p>\n\n\n\n<p><strong>Kawara Museum of Takahama City<\/strong> | Aichi\/Japan | 2009<\/p>\n\n\n\n<p><strong>Otani Memorial Art Museum<\/strong> | Hyogo\/Japan | 2009<\/p>\n\n\n\n<p><strong>Itabashi Art Museum<\/strong> | Tokyo\/Japan | 2009<\/p>\n\n\n\n<p><strong>Bologna Childrens Book Fair<\/strong> | Bologna\/Italien | 2009<\/p>\n\n\n\n<p><strong>Katholische Akademie Hamburg<\/strong> | &#8222;Zum 100. Geburtstag von Astrid Lindgren&#8220; | Hamburg | 2007<\/p>\n\n\n\n<p><strong>Caf\u00e9 Moskau<\/strong> | HYPE Berlin&nbsp; | Berlin | 2006<\/p>\n\n\n\n<h2 class=\"wp-block-heading\">&nbsp;<\/h2>\n\n\n\n<h2 class=\"wp-block-heading\"><\/h2>\n\n\n\n<p><\/p>\n\n\n\n<div class=\"wp-block-columns is-layout-flex wp-container-core-columns-is-layout-1 wp-block-columns-is-layout-flex\">\n<div class=\"wp-block-column is-layout-flow wp-block-column-is-layout-flow\" style=\"flex-basis:100%\">\n<address>&nbsp;<\/address>\n<\/div>\n<\/div>\n\n\n\n<p><\/p>\n","protected":false},"excerpt":{"rendered":"<p>Matze D\u00f6bele Ateliergemeinschaft Illustration&amp;Grafik in der FUX eG Bodenstedtstrasse 16 22765 Hamburg \/ Germany post@derdoebele.de0049(0)1633642506 Impressum:Redaktion und Konzeption: Matthias D\u00f6bele (Inhaltlich verantwortlich gem\u00e4\u00df \u00a7 6 MDStV) Haftungshinweis:Trotz sorgf\u00e4ltiger inhaltlicher Kontrolle \u00fcbernehme ich keine Haftung f\u00fcr die Inhalte externer Links.F\u00fcr die Inhalte der verlinkten Seiten sind ausschlie\u00dflich deren Betreiber verantwortlich. Matze D\u00f6bele, Illustrator und Kinderbuchautor Beruflicher&#8230;<\/p>\n","protected":false},"author":1,"featured_media":0,"parent":0,"menu_order":0,"comment_status":"closed","ping_status":"closed","template":"","meta":{"_kad_post_transparent":"","_kad_post_title":"","_kad_post_layout":"","_kad_post_sidebar_id":"","_kad_post_content_style":"","_kad_post_vertical_padding":"","_kad_post_feature":"","_kad_post_feature_position":"","_kad_post_header":false,"_kad_post_footer":false,"footnotes":""},"class_list":["post-518","page","type-page","status-publish","hentry"],"_links":{"self":[{"href":"https:\/\/www.derdoebele.de\/index.php?rest_route=\/wp\/v2\/pages\/518"}],"collection":[{"href":"https:\/\/www.derdoebele.de\/index.php?rest_route=\/wp\/v2\/pages"}],"about":[{"href":"https:\/\/www.derdoebele.de\/index.php?rest_route=\/wp\/v2\/types\/page"}],"author":[{"embeddable":true,"href":"https:\/\/www.derdoebele.de\/index.php?rest_route=\/wp\/v2\/users\/1"}],"replies":[{"embeddable":true,"href":"https:\/\/www.derdoebele.de\/index.php?rest_route=%2Fwp%2Fv2%2Fcomments&post=518"}],"version-history":[{"count":52,"href":"https:\/\/www.derdoebele.de\/index.php?rest_route=\/wp\/v2\/pages\/518\/revisions"}],"predecessor-version":[{"id":1413,"href":"https:\/\/www.derdoebele.de\/index.php?rest_route=\/wp\/v2\/pages\/518\/revisions\/1413"}],"wp:attachment":[{"href":"https:\/\/www.derdoebele.de\/index.php?rest_route=%2Fwp%2Fv2%2Fmedia&parent=518"}],"curies":[{"name":"wp","href":"https:\/\/api.w.org\/{rel}","templated":true}]}}