{"id":595,"date":"2014-10-20T23:56:52","date_gmt":"2014-10-20T21:56:52","guid":{"rendered":"http:\/\/87809.test-my-website.de\/wordpress\/?page_id=595"},"modified":"2022-10-24T20:54:23","modified_gmt":"2022-10-24T18:54:23","slug":"portfolio","status":"publish","type":"page","link":"https:\/\/www.derdoebele.de\/?page_id=595","title":{"rendered":"B\u00fccher"},"content":{"rendered":"\n<h2 class=\"has-text-align-center has-large-font-size wp-block-heading\">Die Weltraum-Mission<\/h2>\n\n\n\n<div class=\"wp-block-media-text alignwide is-stacked-on-mobile\"><figure class=\"wp-block-media-text__media\"><img loading=\"lazy\" decoding=\"async\" width=\"728\" height=\"1024\" src=\"https:\/\/www.derdoebele.de\/wordpress\/wp-content\/uploads\/2022\/01\/Schneider_Doebele_Weltraum-Mission_coverweb-728x1024.jpg\" alt=\"\" class=\"wp-image-1261 size-full\" srcset=\"https:\/\/www.derdoebele.de\/wordpress\/wp-content\/uploads\/2022\/01\/Schneider_Doebele_Weltraum-Mission_coverweb-728x1024.jpg 728w, https:\/\/www.derdoebele.de\/wordpress\/wp-content\/uploads\/2022\/01\/Schneider_Doebele_Weltraum-Mission_coverweb-213x300.jpg 213w, https:\/\/www.derdoebele.de\/wordpress\/wp-content\/uploads\/2022\/01\/Schneider_Doebele_Weltraum-Mission_coverweb-768x1080.jpg 768w, https:\/\/www.derdoebele.de\/wordpress\/wp-content\/uploads\/2022\/01\/Schneider_Doebele_Weltraum-Mission_coverweb-1092x1536.jpg 1092w, https:\/\/www.derdoebele.de\/wordpress\/wp-content\/uploads\/2022\/01\/Schneider_Doebele_Weltraum-Mission_coverweb-520x731.jpg 520w, https:\/\/www.derdoebele.de\/wordpress\/wp-content\/uploads\/2022\/01\/Schneider_Doebele_Weltraum-Mission_coverweb-740x1040.jpg 740w, https:\/\/www.derdoebele.de\/wordpress\/wp-content\/uploads\/2022\/01\/Schneider_Doebele_Weltraum-Mission_coverweb.jpg 1207w\" sizes=\"(max-width: 728px) 100vw, 728px\" \/><\/figure><div class=\"wp-block-media-text__content\">\n<p class=\"has-small-font-size\"><strong>Entspannende Reise durch die Galaxie<\/strong><br>Tief einatmen \u2026 und los gehts ins Weltall! Vom Kinderzimmer aus startet Astronautin Violetta zu ihren abenteuerlichen Weltraum-Missionen. Immer mit dabei: Die LeserInnen als Co-AstronautInnen. Auf fernen Planeten lassen sie funkelnde Drachen steigen oder liefern sich kunterbunte Wettrennen. Um auch in den spannendsten Momenten Ruhe zu bewahren, sind in Text und Bild spielerisch Entspannungs\u00fcbungen aus Progressiver Muskelrelaxation und Autogenem Training verpackt. Die Reisen ins All k\u00f6nnen selbst gelesen, vorgelesen oder angeh\u00f6rt werden. Sie sind besonders geeignet f\u00fcr Kinder mit Unruhe, \u00c4rger, \u00c4ngsten, Schlafproblemen und Konzentrationsschwierigkeiten und vermitteln ihnen Handlungsf\u00e4higkeit und Selbstwirksamkeitserfahrungen.&nbsp;&#8230;<\/p>\n\n\n\n<p class=\"has-small-font-size\"><strong>Autor:Franz Schneider <\/strong>                                          <strong>Ernst Reinhardt Verlag, M\u00fcnchen 2022<\/strong><\/p>\n<\/div><\/div>\n\n\n\n<figure class=\"wp-block-embed\"><div class=\"wp-block-embed__wrapper\">\nhttps:\/\/www.reinhardt-verlag.de\/55254_schneider_weltraummission\/\n<\/div><\/figure>\n\n\n\n<p><\/p>\n\n\n\n<h2 class=\"has-text-align-center has-large-font-size wp-block-heading\"><u>Das Zauberbett<\/u><\/h2>\n\n\n\n<div class=\"wp-block-media-text alignwide is-stacked-on-mobile is-vertically-aligned-bottom\"><figure class=\"wp-block-media-text__media\"><img loading=\"lazy\" decoding=\"async\" width=\"810\" height=\"1024\" src=\"https:\/\/www.derdoebele.de\/wordpress\/wp-content\/uploads\/2022\/10\/1MDoebele_ZauberbettCover_Obelisk2020.-810x1024.jpg\" alt=\"\" class=\"wp-image-1401 size-full\" srcset=\"https:\/\/www.derdoebele.de\/wordpress\/wp-content\/uploads\/2022\/10\/1MDoebele_ZauberbettCover_Obelisk2020.-810x1024.jpg 810w, https:\/\/www.derdoebele.de\/wordpress\/wp-content\/uploads\/2022\/10\/1MDoebele_ZauberbettCover_Obelisk2020.-237x300.jpg 237w, https:\/\/www.derdoebele.de\/wordpress\/wp-content\/uploads\/2022\/10\/1MDoebele_ZauberbettCover_Obelisk2020.-768x971.jpg 768w, https:\/\/www.derdoebele.de\/wordpress\/wp-content\/uploads\/2022\/10\/1MDoebele_ZauberbettCover_Obelisk2020..jpg 886w\" sizes=\"(max-width: 810px) 100vw, 810px\" \/><\/figure><div class=\"wp-block-media-text__content\">\n<p class=\"has-text-align-left has-small-font-size\">Emil ist schon richtig gro\u00df.<span class=\"Apple-converted-space\">&nbsp;<\/span>Das merkt Emils Mama eines Tages daran,<span class=\"Apple-converted-space\">&nbsp;<\/span>dass er aus seinem Kinderbett herausgewachsen ist.<span class=\"Apple-converted-space\">&nbsp;<\/span>Zum Gl\u00fcck gibt es auf dem Dachboden<span class=\"Apple-converted-space\">&nbsp;<\/span>noch ein altes Holzbett \u2013 es soll sogar ein Zauberbett sein,das W\u00fcnsche erf\u00fcllen kann &#8230;<\/p>\n\n\n\n<p class=\"has-text-align-left has-small-font-size\">Fantastische Bilder in kr\u00e4ftigen Farben und \u00fcberraschenden Perspektiven<span class=\"Apple-converted-space\">&nbsp;<\/span>begleiten diese turbulente Fantasiereise, die am Ende trotz einiger \u00dcberraschungen<span class=\"Apple-converted-space\">&nbsp;<\/span>zu einer richtigen Gutenachtgeschichte wird.<\/p>\n\n\n\n<p class=\"has-small-font-size\"><strong>Obelisk Verlag, Innsbruck, 2021<\/strong> ISBN:9783851979688<\/p>\n<\/div><\/div>\n\n\n\n<p class=\"has-text-align-center\"><\/p>\n\n\n\n<p class=\"has-text-align-center\"><\/p>\n\n\n\n<h2 class=\"has-text-align-center has-large-font-size wp-block-heading\">Hala<\/h2>\n\n\n\n<div class=\"wp-block-media-text alignwide is-stacked-on-mobile is-vertically-aligned-bottom\"><figure class=\"wp-block-media-text__media\"><img loading=\"lazy\" decoding=\"async\" width=\"756\" height=\"1024\" src=\"https:\/\/www.derdoebele.de\/wordpress\/wp-content\/uploads\/2022\/03\/hala23.12.coverfront-756x1024.jpg\" alt=\"\" class=\"wp-image-1323 size-full\" srcset=\"https:\/\/www.derdoebele.de\/wordpress\/wp-content\/uploads\/2022\/03\/hala23.12.coverfront-756x1024.jpg 756w, https:\/\/www.derdoebele.de\/wordpress\/wp-content\/uploads\/2022\/03\/hala23.12.coverfront-221x300.jpg 221w, https:\/\/www.derdoebele.de\/wordpress\/wp-content\/uploads\/2022\/03\/hala23.12.coverfront-768x1041.jpg 768w, https:\/\/www.derdoebele.de\/wordpress\/wp-content\/uploads\/2022\/03\/hala23.12.coverfront-1133x1536.jpg 1133w, https:\/\/www.derdoebele.de\/wordpress\/wp-content\/uploads\/2022\/03\/hala23.12.coverfront-1511x2048.jpg 1511w, https:\/\/www.derdoebele.de\/wordpress\/wp-content\/uploads\/2022\/03\/hala23.12.coverfront-scaled.jpg 1889w\" sizes=\"(max-width: 756px) 100vw, 756px\" \/><\/figure><div class=\"wp-block-media-text__content\">\n<p class=\"has-small-font-size\"><strong>A:Moemen Helmy, \u00c9ditions Yanbow al Kitab, Casablanca, 2019<\/strong><\/p>\n\n\n\n<p class=\"has-small-font-size\"><strong>ISBN 978-9920-771-10-8<\/strong><br><a href=\"https:\/\/www.ijb.de\/fileadmin\/Daten\/Pdfs\/2020\/The_White_Ravens_2020.pdf\"><em><strong>White Ravens 2020<\/strong><\/em><\/a><\/p>\n<\/div><\/div>\n\n\n\n\n\n<p><a href=\"https:\/\/de-de.facebook.com\/yanbowalkitab\/videos\/599333497344721\/\">https:\/\/de-de.facebook.com\/yanbowalkitab\/videos\/599333497344721\/<\/a><\/p>\n\n\n\n<h2 class=\"has-text-align-center has-large-font-size wp-block-heading\">In den Wald<\/h2>\n\n\n\n<div class=\"wp-block-media-text alignwide is-stacked-on-mobile is-vertically-aligned-bottom\"><figure class=\"wp-block-media-text__media\"><img loading=\"lazy\" decoding=\"async\" width=\"533\" height=\"800\" src=\"https:\/\/www.derdoebele.de\/wordpress\/wp-content\/uploads\/2020\/09\/in-den-wald_9783851979220..jpg\" alt=\"\" class=\"wp-image-1124 size-full\" srcset=\"https:\/\/www.derdoebele.de\/wordpress\/wp-content\/uploads\/2020\/09\/in-den-wald_9783851979220..jpg 533w, https:\/\/www.derdoebele.de\/wordpress\/wp-content\/uploads\/2020\/09\/in-den-wald_9783851979220.-200x300.jpg 200w, https:\/\/www.derdoebele.de\/wordpress\/wp-content\/uploads\/2020\/09\/in-den-wald_9783851979220.-520x780.jpg 520w\" sizes=\"(max-width: 533px) 100vw, 533px\" \/><\/figure><div class=\"wp-block-media-text__content\">\n<p class=\"has-small-font-size\">Nie darf Nina in den B\u00fcschen des Beserlparks so spielen, wie man spielt, wenn man kein Langweiler ist. Doch im Wald darf sie alles. Weil Mama und Papa nicht an den Wald glauben. Und da sind sie selbst schuld. Doch nicht nur Nina braucht den Wald und bald ist guter Rat teuer.<\/p>\n\n\n\n<p class=\"has-small-font-size\"><strong>Obelisk Verlag, Innsbruck,2019<br>ISBN 978-3-85197-922-0<\/strong><\/p>\n<\/div><\/div>\n\n\n\n<p class=\"has-text-align-center\"><\/p>\n\n\n\n<h2 class=\"has-text-align-center book-single--info has-large-font-size wp-block-heading\">Konrads Schatten<\/h2>\n\n\n\n<div class=\"wp-block-media-text alignwide is-stacked-on-mobile is-vertically-aligned-top\"><figure class=\"wp-block-media-text__media\"><img loading=\"lazy\" decoding=\"async\" width=\"1024\" height=\"726\" src=\"https:\/\/www.derdoebele.de\/wordpress\/wp-content\/uploads\/2022\/01\/MDoebeleKonrads-Schatten-1024x726.jpg\" alt=\"\" class=\"wp-image-1268 size-full\" srcset=\"https:\/\/www.derdoebele.de\/wordpress\/wp-content\/uploads\/2022\/01\/MDoebeleKonrads-Schatten-1024x726.jpg 1024w, https:\/\/www.derdoebele.de\/wordpress\/wp-content\/uploads\/2022\/01\/MDoebeleKonrads-Schatten-300x213.jpg 300w, https:\/\/www.derdoebele.de\/wordpress\/wp-content\/uploads\/2022\/01\/MDoebeleKonrads-Schatten-768x545.jpg 768w, https:\/\/www.derdoebele.de\/wordpress\/wp-content\/uploads\/2022\/01\/MDoebeleKonrads-Schatten-1536x1090.jpg 1536w, https:\/\/www.derdoebele.de\/wordpress\/wp-content\/uploads\/2022\/01\/MDoebeleKonrads-Schatten-520x369.jpg 520w, https:\/\/www.derdoebele.de\/wordpress\/wp-content\/uploads\/2022\/01\/MDoebeleKonrads-Schatten-740x525.jpg 740w, https:\/\/www.derdoebele.de\/wordpress\/wp-content\/uploads\/2022\/01\/MDoebeleKonrads-Schatten.jpg 1831w\" sizes=\"(max-width: 1024px) 100vw, 1024px\" \/><\/figure><div class=\"wp-block-media-text__content\">\n<p class=\"has-small-font-size\">Eine Geschichte \u00fcber den Umgang mit den eigenen Schattenseiten.Dies ist die Geschichte von Konrad, einem 8-j\u00e4hrigen Jungen, der st\u00e4ndig verd\u00e4chtigt wird, etwas ausgefressen zu haben. V\u00f6llig zu Unrecht, wie er immer wieder versichert, denn er ist es nicht, der den ganzen Unfug anstellt \u2013 es ist sein Schatten \u2026 Davon hat Konrad die Nase voll! Er will seinen Schatten loswerden \u2013 das ist allerdings gar nicht so einfach \u2026<\/p>\n\n\n\n<p class=\"has-small-font-size\"><strong>Kunstanstifter Verlag, Mannheim, 2014<br>ISBN: 978-3-942795-23-4<br>Deutsch-Franz\u00f6sischer Jugendliteraturpreis 2015<br>rights sold to Brasil<\/strong><\/p>\n<\/div><\/div>\n\n\n\n<p class=\"has-text-align-center\"><\/p>\n\n\n\n<h2 class=\"has-text-align-center has-large-font-size wp-block-heading\"><strong><span style=\"text-decoration: underline;\">Pauls Gl\u00fcck<\/span><\/strong><\/h2>\n\n\n\n<div class=\"wp-block-media-text alignwide is-stacked-on-mobile is-vertically-aligned-top\"><figure class=\"wp-block-media-text__media\"><img loading=\"lazy\" decoding=\"async\" width=\"1024\" height=\"1024\" src=\"https:\/\/www.derdoebele.de\/wordpress\/wp-content\/uploads\/2022\/03\/PaulsGlueckCover-1024x1024.jpg\" alt=\"\" class=\"wp-image-1318 size-full\" srcset=\"https:\/\/www.derdoebele.de\/wordpress\/wp-content\/uploads\/2022\/03\/PaulsGlueckCover-1024x1024.jpg 1024w, https:\/\/www.derdoebele.de\/wordpress\/wp-content\/uploads\/2022\/03\/PaulsGlueckCover-300x300.jpg 300w, https:\/\/www.derdoebele.de\/wordpress\/wp-content\/uploads\/2022\/03\/PaulsGlueckCover-200x200.jpg 200w, https:\/\/www.derdoebele.de\/wordpress\/wp-content\/uploads\/2022\/03\/PaulsGlueckCover-768x768.jpg 768w, https:\/\/www.derdoebele.de\/wordpress\/wp-content\/uploads\/2022\/03\/PaulsGlueckCover-1536x1536.jpg 1536w, https:\/\/www.derdoebele.de\/wordpress\/wp-content\/uploads\/2022\/03\/PaulsGlueckCover-100x100.jpg 100w, https:\/\/www.derdoebele.de\/wordpress\/wp-content\/uploads\/2022\/03\/PaulsGlueckCover.jpg 1772w\" sizes=\"(max-width: 1024px) 100vw, 1024px\" \/><\/figure><div class=\"wp-block-media-text__content\">\n<p class=\"has-small-font-size\">Der kleine Rabe Paul lebt mit seinen Eltern und seinen Geschwistern hoch oben auf einem Schornstein am Rande der Stadt. Und eigentlich k\u00f6nnte er dort gl\u00fccklich sein, wenn da nicht das Problem mit seinen Fl\u00fcgeln w\u00e4re. Die sind so kurz geraten, dass sie nicht zum Fliegen taugen. Und w\u00e4hrend Pauls Geschwister fr\u00f6hlich durch die L\u00fcfte flattern, sitzt Paul traurig im Nest und wird von den anderen als Pinguin verspottet. Da beschlie\u00dft er,&nbsp; sein Schicksal selbst in die Hand zu nehmen und diese Pinguine zu suchen, die ihm so \u00e4hnlich sein sollen. Allerdings wei\u00df er weder, wo Pinguine wohnen, noch wie sie aussehen. Zum Gl\u00fcck ist da der gro\u00dfe Kater, der dem kleinen Raben zum Freund wird und ihm den Weg zu den Pinguinen zeigt&#8230;<\/p>\n\n\n\n<p class=\"has-small-font-size\"><strong>Verlagshaus Jacoby &amp; Stuart, Berlin, 2011 Obelisk Verlag, Innsbruck, 2021 erweiterte \u00fcberarbeitete Wiederauflage                            ISBN: 9783851979671<\/strong><\/p>\n\n\n\n<p><\/p>\n<\/div><\/div>\n\n\n\n\n\n\n\n\n\n\n\n\n\n\n\n\n\n\n\n\n\n\n\n\n\n\n\n\n\n<p>http:\/\/www.boersenblatt.net\/artikel-deutsch-franzoesischer_jugendliteraturpreis_2015.964632.html<\/p>\n\n\n\n<h5 class=\"wp-block-heading\">&#8222;Die Presse&#8220;, Print-Ausgabe, 09.11.2014<\/h5>\n\n\n\n<h4 class=\"wp-block-heading\">Kinderliteratur: Gro\u00dfe Kunst f\u00fcr Kleine<\/h4>\n\n\n\n<p>Mira Lobe schrieb l\u00e4ngere S\u00e4tze als viele Krimileser sie vertragen. Warum lieben Kinder &#8222;Das kleine Ich bin ich&#8220; oder &#8222;Die Geggis&#8220;? \u00dcber das Geheimnis gro\u00dfer Kunst f\u00fcr kleine Leute.<\/p>\n\n\n\n<p>08.11.2014 | 17:58 | von Anne-Catherine Simon (Die Presse)<\/p>\n\n\n\n<p>&#8230;<\/p>\n\n\n\n<h5 class=\"wp-block-heading\">&nbsp;Konrads Kampf mit seinem Schatten<\/h5>\n\n\n\n<p>Konrad ist an allem schuld, und er ist sauer: Er hat keine Mitsch\u00fcler im Klo eingesperrt und auch nicht Frau Schulzes Vogel freigelassen. Ein Schemen folgt ihm auf Schritt und Tritt, sein Schatten. Konrad will ihn loswerden, er rennt davon, er rubbelt ihn weg, er versucht ihn abzuschneiden, zu \u00fcbermalen. Eines Tages hat Konrad eine z\u00fcndende Idee \u2013 endlich ist er den Schatten los. Doch da kommt ein Rudel Hunde, die Bestien wollen den Buben bei\u00dfen, in letzter Minute wird er gerettet&#8230; Der Illustrator und Autor Matze D\u00f6bele erz\u00e4hlt diese unheimliche Geschichte in starken, d\u00fcsteren Bildern. (Kunstanstifter)<\/p>\n\n\n\n<p>&#8230;<\/p>\n\n\n\n<p>Der vollst\u00e4ndige Artikel unter:<\/p>\n\n\n\n<p>http:\/\/diepresse.com\/home\/kultur\/literatur\/4590173\/Kinderliteratur_Grosse-Kunst-fur-Kleine-<\/p>\n\n\n\n<hr class=\"wp-block-separator\"\/>\n\n\n\n<h5 class=\"wp-block-heading\">Badische Zeitung 28.10.2014<\/h5>\n\n\n\n<h4 class=\"wp-block-heading\">D\u00f6beles neues Kinderbuch &#8222;Konrads Schatten&#8220;.<\/h4>\n\n\n\n<p>ZELL (BZ). Der Zeller Illustrator und Kinderbuchautor Matze D\u00f6bele, der in Hamburg lebt und wirkt, hat auf der Frankfurter Buchmesse sein neues Buch &#8222;Konrads Schatten&#8220; der \u00d6ffentlichkeit vorgestellt. Erschienen ist es beim in Mannheim ans\u00e4ssigen &#8222;Kunstanstifter-Verlag&#8220;.<\/p>\n\n\n\n<p>Die Geschichte \u00fcber den Umgang mit den eigenen Schattenseiten handelt von Konrad, der seinen eigenen Schatten nicht ausstehen kann, denn dieser stellt Sachen an, die er selbst niemals tun w\u00fcrde. Das bringt ihn immer wieder in unangenehme Situationen. Bis Konrad einen genialen Einfall hat\u2026J\u00fcngst war Matze D\u00f6bele im Auftrag des Goethe-Instituts auf der Buchmesse in Sao Paolo\/Brasilien, wo im vergangenen Jahr sein preisgekr\u00f6ntes Kinderbuch &#8222;Pauls Gl\u00fcck&#8220; auf Portugiesisch erschienen ist. Au\u00dferdem ist er an dem Buch &#8222;12 mal 12&#8220; beteiligt, einem deutsch-brasilianischen Literaturprojekt zum Thema Fu\u00dfball. Dazu haben zw\u00f6lf renommierte deutsche Bilderbuchillustratoren je ein Bild zum Thema Fu\u00dfball gestaltet. Dazu schrieben brasilianische Kinderbuchautoren Geschichten.<\/p>\n\n\n\n<hr class=\"wp-block-separator\"\/>\n\n\n\n<p><\/p>\n\n\n\n<hr class=\"wp-block-separator\"\/>\n\n\n\n<h5 class=\"wp-block-heading\">TIROLER BILDUNGSSERVICE 15\/06\/2011<\/h5>\n\n\n\n<h4 class=\"wp-block-heading\">&#8222;Eigentlich k\u00f6nnte Paul ja gl\u00fccklich sein. Aber da ist das Problem mit seinen Fl\u00fcgeln &#8230;&#8220;<\/h4>\n\n\n\n<p>Paul, das ist ein Rabe, der auf einem Schornstein am Rande der Stadt aus dem Ei schl\u00fcpft. Bald schon bemerkt er jedoch, dass er anders ist als die anderen: seine Fl\u00fcgel sind n\u00e4mlich viel k\u00fcrzer als die Fl\u00fcgel der anderen Raben. So sehr er sich auch bem\u00fcht, es gelingt ihm einfach nicht zu fliegen.<\/p>\n\n\n\n<p>Die anderen jungen Raben beginnen Paul zu verspotten und als Pinguin zu beschimpfen, selbst seine Eltern, die ihm das Fliegen beibringen wollen, wissen nicht mehr weiter. Paul ist traurig und verzweifelt und beschlie\u00dft eines Abends ein Pinguin sein zu wollen. Er macht sich auf den Weg, um nach den Pinguinen zu suchen, was f\u00fcr einen Raben, der nicht fliegen kann, aber gar nicht so einfach ist. Au\u00dferdem f\u00fchlt er sich bald immer einsamer, je weiter er sich von zu Hause entfernt.<\/p>\n\n\n\n<p>Der Weg zu den Pinguinen aber ist weit und steckt voller Gefahren. Paul trifft auf einen riesengro\u00dfen Kater, der sich zum Gl\u00fcck als \u00fcberaus nett entpuppt, der ihm zuh\u00f6rt und im Schlaf w\u00e4rmt. Gemeinsam setzen die beiden die Reise fort bis sie auf eine Giraffe, einen Flamingo und endlich auf einen Pinguin treffen. Diese verlangen von ihm, dass er sich wie ein Pinguin verhalten m\u00fcsse, wenn er schon ein Pinguin sein will.<\/p>\n\n\n\n<p>Matze Doebele erz\u00e4hlt und zeichnet eine \u00fcberaus ber\u00fchrende Geschichte vom Anderssein und dem Mut, sich den eigenen Weg zum Gl\u00fcck zu suchen. Wir erleben, wie das Anderssein gerade durch das Unverst\u00e4ndnis des eigenen Umfelds schmerzen kann und wie oft von unerwarteter Seite Hilfe kommt. Vor allem aber zeigt das Buch, dass jeder sein Gl\u00fcck finden kann, wenn er sich nur bem\u00fcht und nicht aufgibt.<\/p>\n\n\n\n<p>Ein herzerw\u00e4rmend hoffnungsvolles Buch, in dem das Thema Anderssein und Au\u00dfenseiter einf\u00fchlsam behandelt wird. Das Buch besticht auch durch seine wundersch\u00f6nen Illustrationen und kann zum gemeinsamen Vorlesen aber auch ersten Selber lesen w\u00e4rmstens weiterempfohlen werden.<\/p>\n\n\n\n<hr class=\"wp-block-separator\"\/>\n\n\n\n<h5 class=\"wp-block-heading\">Badische Zeitung 17. Januar 2012<\/h5>\n\n\n\n<h4 class=\"wp-block-heading\">&nbsp;Der Rabe, der ein Pinguin sein wollte<\/h4>\n\n\n\n<p>Matze Doebele, der aus Zell im Wiesental stammt und als K\u00fcnstler in Hamburg lebt, hat sein erstes Bilderbuch ver\u00f6ffentlicht. Es hei\u00dft &#8222;Pauls Gl\u00fcck&#8220; &#8211; und ist charmant und lebensvoll.<\/p>\n\n\n\n<p>Was soll man machen, wenn man nicht machen kann, was man machen will? Der kleine Rabe Paul kann nicht fliegen: Seine Fl\u00fcgel sind zu kurz geraten. Aber Zuschauer des Lebens der anderen will Paul nicht sein. Im Nest hocken und seinen Geschwistern beim Flugtraining zuschauen: nein danke. Paul ist keiner, der sich abfindet mit seinem Schicksal. So macht er sich auf: zu den Pinguinen, denn deren Stummelfl\u00fcgel taugen schlie\u00dflich auch nicht zum Fliegen. Und er schafft es, Pinguin zu werden!<\/p>\n\n\n\n<p>Matze Doebele, der aus Zell im Wiesental stammt und als K\u00fcnstler in Hamburg lebt, hat mit seinem ersten Bilderbuch eine poetische und Mut machende Geschichte \u00fcber das Anderssein geschrieben und gezeichnet. Au\u00dfenseiter sollen und k\u00f6nnen ihr Leben selbst in die Hand nehmen: So die lebensvolle Botschaft des mit zartem Strich, zur\u00fcckhaltenden Farben und liebevollem Humor illustrierten Buchs. Ein Rabe zum Liebhaben!<\/p>\n\n\n\n<p>\u2013\u2002Matze Doebele (Text und Illustration): Pauls Gl\u00fcck. Verlag Jacoby &amp; Stuart, Stuttgart 2011. 32 S., 14,95 Euro. Ab 4<\/p>\n\n\n\n<hr class=\"wp-block-separator\"\/>\n\n\n\n<h5 class=\"wp-block-heading\">Der Standard 23.04.2011<\/h5>\n\n\n\n<h4 class=\"wp-block-heading\">Ein Rabe will lieber ein Pinguin sein<\/h4>\n\n\n\n<p>Die Geschichte des traurigen Raben, der sein Gl\u00fcck sucht, ist an Kinder ab dem 5. Lebensjahr gerichtet.<\/p>\n\n\n\n<p>Die anderen lieben kleinen Rabenkinder verspotten Paul als Pinguin, weil er nicht fliegen kann<\/p>\n\n\n\n<p>Paul hat ein Problem, seine Fl\u00fcgel sind nicht so gewachsen, wie bei den anderen. Der kleine Rabe kann daher nicht fliegen. Was bei Raben dumm ist.<\/p>\n\n\n\n<p>&#8222;Paul hat schon oft versucht zu fliegen, sich minutenlang an den Rand des Nestes gestellt und mit den Fl\u00fcgelchen geflattert. Vergeblich, es ist, als sei er festgeklebt&#8220;, schreibt Autor Matze Doebele in seinem Kinderbuch Pauls Gl\u00fcck. Dass er ebendieses finden wird, verdankt er einem Einfall &#8211; und einer Katze.<\/p>\n\n\n\n<p>Die anderen lieben kleinen Rabenkinder verspotten ihn immer als Pinguin. Und, denkt er sich, &#8222;wenn es schon alle sagen, dann will ich eben ein Pinguin sein&#8220;. Die Katze wird ihm dann helfen, Pinguine zu finden.<\/p>\n\n\n\n<p>Alle sind nettDie Geschichte des traurigen Raben, der sein Gl\u00fcck sucht, ist gerichtet an Kinder ab dem 5. Lebensjahr. Doebele, der auch f\u00fcr die Illustrationen gesorgt hat, l\u00e4sst die Leserschaft mit Paul mitleiden. Er zeigt seine Eltern, die ratlos sind. &#8222;Ich habe ihm das Fliegen doch ganz genau erkl\u00e4rt. Und er hat sich wirklich angestrengt&#8220;, sagt seine Mutter.<\/p>\n\n\n\n<p>Platz f\u00fcr B\u00f6sewichte ist in diesem Buch nicht. Alle sind sie nett: Die Katze, die Paul den Weg zeigt, die Pinguine, die ihn dann (nach einem Test) aufnehmen. Und nat\u00fcrlich seine Familie: Rabe Paul tritt seine Reise zwar alleine an, seine Eltern lassen ihn dabei aber nie aus den Augen, wie es sich auch geh\u00f6rt, wenn die eigenen Kinder ihr Gl\u00fcck suchen. (Peter Mayr\/Der Standard\/23\/04\/2011)<\/p>\n","protected":false},"excerpt":{"rendered":"<p>Die Weltraum-Mission Entspannende Reise durch die GalaxieTief einatmen \u2026 und los gehts ins Weltall! Vom Kinderzimmer aus startet Astronautin Violetta zu ihren abenteuerlichen Weltraum-Missionen. Immer mit dabei: Die LeserInnen als Co-AstronautInnen. Auf fernen Planeten lassen sie funkelnde Drachen steigen oder liefern sich kunterbunte Wettrennen. Um auch in den spannendsten Momenten Ruhe zu bewahren, sind in&#8230;<\/p>\n","protected":false},"author":1,"featured_media":1300,"parent":0,"menu_order":0,"comment_status":"closed","ping_status":"closed","template":"","meta":{"_kad_post_transparent":"","_kad_post_title":"","_kad_post_layout":"","_kad_post_sidebar_id":"","_kad_post_content_style":"","_kad_post_vertical_padding":"","_kad_post_feature":"","_kad_post_feature_position":"","_kad_post_header":false,"_kad_post_footer":false,"footnotes":""},"class_list":["post-595","page","type-page","status-publish","has-post-thumbnail","hentry"],"_links":{"self":[{"href":"https:\/\/www.derdoebele.de\/index.php?rest_route=\/wp\/v2\/pages\/595"}],"collection":[{"href":"https:\/\/www.derdoebele.de\/index.php?rest_route=\/wp\/v2\/pages"}],"about":[{"href":"https:\/\/www.derdoebele.de\/index.php?rest_route=\/wp\/v2\/types\/page"}],"author":[{"embeddable":true,"href":"https:\/\/www.derdoebele.de\/index.php?rest_route=\/wp\/v2\/users\/1"}],"replies":[{"embeddable":true,"href":"https:\/\/www.derdoebele.de\/index.php?rest_route=%2Fwp%2Fv2%2Fcomments&post=595"}],"version-history":[{"count":74,"href":"https:\/\/www.derdoebele.de\/index.php?rest_route=\/wp\/v2\/pages\/595\/revisions"}],"predecessor-version":[{"id":1402,"href":"https:\/\/www.derdoebele.de\/index.php?rest_route=\/wp\/v2\/pages\/595\/revisions\/1402"}],"wp:featuredmedia":[{"embeddable":true,"href":"https:\/\/www.derdoebele.de\/index.php?rest_route=\/wp\/v2\/media\/1300"}],"wp:attachment":[{"href":"https:\/\/www.derdoebele.de\/index.php?rest_route=%2Fwp%2Fv2%2Fmedia&parent=595"}],"curies":[{"name":"wp","href":"https:\/\/api.w.org\/{rel}","templated":true}]}}